{"id":14,"date":"2020-09-10T04:34:36","date_gmt":"2020-09-10T04:34:36","guid":{"rendered":"https:\/\/www.customyacht.com\/?page_id=14"},"modified":"2024-06-16T22:20:13","modified_gmt":"2024-06-16T22:20:13","slug":"custom-yacht-naval-boutique","status":"publish","type":"page","link":"https:\/\/www.customyacht.com\/it\/","title":{"rendered":"Home"},"content":{"rendered":"\n<h1>\n\t\tCustom Yachts\n\t<\/h1>\n\t\t\t\t<img loading=\"lazy\" decoding=\"async\" src=\"https:\/\/www.customyacht.com\/wp-content\/uploads\/2020\/10\/bespoke-custom-yacht_small.jpg\" alt=\"bespoke custom yacht_small\" itemprop=\"image\" height=\"533\" width=\"800\" title=\"bespoke custom yacht_small\" onerror=\"this.style.display='none'\"  \/>\n<p>Forse non ci avete mai pensato, ma la barca \u00e8 come un abito che l&#8217;armatore deve poter indossare perfettamente. Per esaudire i suoi desideri, nonch\u00e9 comprendere le esigenze del cliente, Custom Yacht si propone come una vera e propria sartoria navale in grado di progettare, ingegnerizzare e produrre imbarcazioni ex novo, basandosi esclusivamente sulle preferenze dell&#8217;armatore. Yachts e superyachts, in acciaio-alluminio o solo in alluminio, forgiati nei minimi dettagli esattamente come abiti su misura, quindi 100% custom.<\/p>\n<p>Costruire imbarcazioni personalizzabili da prua e poppa significa capire e carpire lo stile vita dell&#8217;armatore attraverso un approccio squisitamente sartoriale e una sensibilit\u00e0 altamente artigianale. Solo cos\u00ec \u00e8 possibile realizzare lo yacht che fa per il cliente e come lo vuole il cliente.<\/p>\n<p>L&#8217;armatore ha la possibilit\u00e0 di optare tra quattro grandi designer di fama internazionale &#8211; Sergio Cutolo (Hydro Tec), Marco Casali, Giovanni Ceccarelli e Michele Dragoni &#8211; ai quali affidare la realizzazione della sua mise preferita. L&#8217;armatore sceglie lo &#8220;stilista&#8221; che pi\u00f9 si avvicina ai suoi gusti e da quel momento comincia la gestazione di uno yacht che diverr\u00e0 unico e irripetibile.<\/p>\n<p>Benvenuti, dunque, nella prestigiosa sartoria di Custom Yacht, dove le barche vengono cucite addosso come vestiti perfetti. Del resto, per un armatore non c&#8217;\u00e8 abito migliore della sua barca.<\/p>\n<p>&nbsp;<\/p>\n<h2>\n\t\t<a href=\"https:\/\/www.customyacht.com\/it\/yachts-for-sale\/\" title=\"Yachts for Sale\" target=\"_self\" rel=\"noopener noreferrer\">\n\t\tYachts for Sale\n\t\t<\/a>\n\t<\/h2>\n<p>Custom Yacht \u00e8 come una fabbrica dei desideri: ogni esigenza espressa dall&#8217;armatore viene pienamente soddisfatta nell&#8217;ambito non soltanto della produzione di nuove imbarcazioni, ma anche della vendita delle barche usate.<\/p>\n<p>Attraverso la nostra vastissima rete di conoscenze e di clienti, a richiesta dell&#8217;armatore, possiamo occuparci della vendita del suo yacht in permuta.<\/p>\n<p>Ma i servizi di Custom Yacht non finiscono qui: un numero ristretto di imbarcazioni viene attentamente esaminato e selezionato dal nostro staff tecnico, che poi le inserisce nel mercato dell&#8217;usato.<\/p>\n<p>Insomma, alle barche viene sempre concessa una seconda possibilit\u00e0. E grazie a Custom Yacht possono rinascere a nuova vita.<\/p>\n<p>&nbsp;<\/p>\n\n\t\t\t\t<a href=\"https:\/\/www.customyacht.com\/it\/yachts-for-sale\/\" target=\"_self\" itemprop=\"url\" rel=\"noopener noreferrer\">\n\t\t\t\t<img loading=\"lazy\" decoding=\"async\" src=\"https:\/\/www.customyacht.com\/wp-content\/uploads\/2020\/10\/custom-yachts-yachts-for-sale-small.jpg\" alt=\"custom yachts yachts for sale small\" itemprop=\"image\" height=\"534\" width=\"800\" title=\"custom yachts yachts for sale small\" onerror=\"this.style.display='none'\"  \/>\n\t\t\t\t<\/a>\n<h2>\n\t\t<a href=\"https:\/\/www.customyacht.com\/it\/mauro-corvisieri\/\" title=\"Mauro Corvisieri\" target=\"_self\" rel=\"noopener noreferrer\">\n\t\tMauro Corvisieri\n\t\t<\/a>\n\t<\/h2>\n\t\t\t\t<a href=\"https:\/\/www.customyacht.com\/it\/mauro-corvisieri\/\" target=\"_self\" itemprop=\"url\" rel=\"noopener noreferrer\">\n\t\t\t\t<img loading=\"lazy\" decoding=\"async\" src=\"https:\/\/www.customyacht.com\/wp-content\/uploads\/2020\/10\/small08.jpg\" alt=\"small08\" itemprop=\"image\" height=\"533\" width=\"800\" title=\"small08\" onerror=\"this.style.display='none'\"  \/>\n\t\t\t\t<\/a>\n<p>Una barca va vissuta a 360 gradi. Mauro Corvisieri lo ha capito fin da piccolo, quando il padre, costruttore di porti, lo accompagnava sui rimorchiatori, e in giovent\u00f9, quando s&#8217;imbarc\u00f2 per un mese a bordo di un charter, dove si rese subito conto dell&#8217;importanza strategica dei volumi e degli spazi vivibili all&#8217;interno di un&#8217;imbarcazione.<\/p>\n<p>Mauro Corvisieri, infatti, da sempre pone l&#8217;accento sulla volumetria di una barca, avendo particolarmente a cuore la libert\u00e0 di movimento dell&#8217;armatore, nonch\u00e9 la possibilit\u00e0 di portare con s\u00e9 tutto ci\u00f2 che gli serve.<\/p>\n<p>Da qui scaturisce la profonda conoscenza di Corvisieri in materia di superyacht 100% custom. Un&#8217;attitudine diventata con il tempo una professione, cominciata nel 2004 con la realizzazione e la vendita di una navetta dislocante affidabile e spaziosa, e proseguita con la specializzazione nella costruzione di yachts e superyachts, costruiti a misura di armatore.<\/p>\n<p>Custom Yacht \u00e8 assolutamente unica nel suo mercato perch\u00e9 offre la possibilit\u00e0 di realizzare la propria barca da zero, in un ambiente libero da influenze: contano solo i desideri dell&#8217;armatore.<\/p>\n<h2>\n\t\t<a href=\"https:\/\/www.customyacht.com\/it\/yacht-refit\/\" title=\"Yachts Refit\" target=\"_self\" rel=\"noopener noreferrer\">\n\t\tYachts Refit\n\t\t<\/a>\n\t<\/h2>\n<p>Custom Yacht \u00e8 una presenza costante al fianco del cliente. La nostra attenzione, infatti, non si limita alla fase di progettazione, ingegnerizzazione e realizzazione della barca, ma prosegue nel tempo, attraverso un&#8217;assistenza totale, quindi accurata, tempestiva e duratura.<\/p>\n<p>Tra i servizi previsti dalla nostra azienda, anche il refit: l&#8217;armatore che vuole refittare la propria imbarcazione pu\u00f2 rivolgersi allo stesso designer scelto in fase di progetto, dando cos\u00ec continuit\u00e0 di layout alla barca.<\/p>\n<p>Custom Yacht \u00e8 presente in sei punti dislocati nel Mediterraneo: Ancona, Malta, Savona, Marsiglia, Trapani e Isola d&#8217;Elba. Un&#8217;assistenza capillare che fa leva sulla professionalit\u00e0 dei nostri artigiani e dei nostri tecnici.<\/p>\n\t\t\t\t<a href=\"https:\/\/www.customyacht.com\/it\/yacht-refit\/\" target=\"_self\" itemprop=\"url\" rel=\"noopener noreferrer\">\n\t\t\t\t<img loading=\"lazy\" decoding=\"async\" src=\"https:\/\/www.customyacht.com\/wp-content\/uploads\/2020\/10\/small03.jpg\" alt=\"yacht refit custom yacht\" itemprop=\"image\" height=\"533\" width=\"800\" title=\"yacht refit_1\" onerror=\"this.style.display='none'\"  \/>\n\t\t\t\t<\/a>\n<h2>\n\t\t<a href=\"https:\/\/www.customyacht.com\/it\/yachts-charter-management\/\" title=\"Yachts  Charter Management\" target=\"_self\" rel=\"noopener noreferrer\">\n\t\tYachts  Charter Management\n\t\t<\/a>\n\t<\/h2>\n\t\t\t\t<a href=\"https:\/\/www.customyacht.com\/it\/yachts-charter-management\/\" target=\"_self\" itemprop=\"url\" rel=\"noopener noreferrer\">\n\t\t\t\t<img loading=\"lazy\" decoding=\"async\" src=\"https:\/\/www.customyacht.com\/wp-content\/uploads\/2020\/12\/Custom_management.jpg\" alt=\"Custom_management\" itemprop=\"image\" height=\"533\" width=\"800\" title=\"Custom_management\" onerror=\"this.style.display='none'\"  \/>\n\t\t\t\t<\/a>\n<p>Infine Custom Yacht offre anche diversi servizi di management, molto allettanti e convenienti, dando quindi la possibilit\u00e0 all&#8217;armatore di fare business con la sua barca.<\/p>\n<p>Innanzitutto il cliente pu\u00f2 pagare parte del suo yacht appena acquistato, affidandocelo in noleggio. Poi ha l&#8217;opportunit\u00e0 di vendere settimane di charter della sua barca attraverso la nostra vasta rete di vendita. Infine pu\u00f2 usufruire di una barca in charter mentre stiamo costruendo il suo nuovo yacht.<\/p>\n<p>Insomma, le soluzioni sono tante e tutte molto vantaggiose, perch\u00e9 il nostro sistema di management pensa in grande ma, soprattutto, pensa all&#8217;armatore e a tutto ci\u00f2 che gli serve per accrescere il suo business.<\/p>\n\n","protected":false},"excerpt":{"rendered":"<p>Custom Yachts Forse non ci avete mai pensato, ma la barca \u00e8 come un abito che l&#8217;armatore deve poter indossare perfettamente. Per esaudire i suoi desideri, nonch\u00e9 comprendere le esigenze del cliente, Custom Yacht si propone come una vera e propria sartoria navale in grado di progettare, ingegnerizzare e produrre imbarcazioni ex novo, basandosi esclusivamente&hellip;<\/p>\n","protected":false},"author":1,"featured_media":330,"parent":0,"menu_order":0,"comment_status":"closed","ping_status":"closed","template":"","meta":{"footnotes":""},"class_list":["post-14","page","type-page","status-publish","has-post-thumbnail","hentry"],"yoast_head":"<!-- This site is optimized with the Yoast SEO plugin v27.5 - https:\/\/yoast.com\/product\/yoast-seo-wordpress\/ -->\n<title>Custom Yacht la vera boutique navale dei superyacht<\/title>\n<meta name=\"description\" content=\"Custom Yacht is a real naval tailor able to design, engineer and build superyachts and boat from scratch, based exclusively on the owner&#039;s\" \/>\n<meta name=\"robots\" content=\"index, follow, max-snippet:-1, max-image-preview:large, max-video-preview:-1\" \/>\n<link rel=\"canonical\" href=\"https:\/\/www.customyacht.com\/it\/\" \/>\n<meta property=\"og:locale\" content=\"it_IT\" \/>\n<meta property=\"og:type\" content=\"article\" \/>\n<meta property=\"og:title\" content=\"Custom Yacht la vera boutique navale dei superyacht\" \/>\n<meta property=\"og:description\" content=\"Custom Yacht is a real naval tailor able to design, engineer and build superyachts and boat from scratch, based exclusively on the owner&#039;s\" \/>\n<meta property=\"og:url\" content=\"https:\/\/www.customyacht.com\/it\/\" \/>\n<meta property=\"og:site_name\" content=\"Custom Yachts\" \/>\n<meta property=\"article:publisher\" content=\"https:\/\/www.facebook.com\/CustomYacht\" \/>\n<meta property=\"article:modified_time\" content=\"2024-06-16T22:20:13+00:00\" \/>\n<meta property=\"og:image\" content=\"https:\/\/www.customyacht.com\/wp-content\/uploads\/2020\/10\/custom-yachts-company-favicon-logo.png\" \/>\n\t<meta property=\"og:image:width\" content=\"512\" \/>\n\t<meta property=\"og:image:height\" content=\"512\" \/>\n\t<meta property=\"og:image:type\" content=\"image\/png\" \/>\n<meta name=\"twitter:card\" content=\"summary_large_image\" \/>\n<meta name=\"twitter:label1\" content=\"Tempo di lettura stimato\" \/>\n\t<meta name=\"twitter:data1\" content=\"3 minuti\" \/>\n<script type=\"application\/ld+json\" class=\"yoast-schema-graph\">{\"@context\":\"https:\\\/\\\/schema.org\",\"@graph\":[{\"@type\":\"WebPage\",\"@id\":\"https:\\\/\\\/www.customyacht.com\\\/it\\\/\",\"url\":\"https:\\\/\\\/www.customyacht.com\\\/it\\\/\",\"name\":\"Custom Yacht la vera boutique navale dei superyacht\",\"isPartOf\":{\"@id\":\"https:\\\/\\\/www.customyacht.com\\\/it\\\/#website\"},\"primaryImageOfPage\":{\"@id\":\"https:\\\/\\\/www.customyacht.com\\\/it\\\/#primaryimage\"},\"image\":{\"@id\":\"https:\\\/\\\/www.customyacht.com\\\/it\\\/#primaryimage\"},\"thumbnailUrl\":\"https:\\\/\\\/www.customyacht.com\\\/wp-content\\\/uploads\\\/2020\\\/10\\\/custom-yachts-company-favicon-logo.png\",\"datePublished\":\"2020-09-10T04:34:36+00:00\",\"dateModified\":\"2024-06-16T22:20:13+00:00\",\"description\":\"Custom Yacht is a real naval tailor able to design, engineer and build superyachts and boat from scratch, based exclusively on the owner's\",\"breadcrumb\":{\"@id\":\"https:\\\/\\\/www.customyacht.com\\\/it\\\/#breadcrumb\"},\"inLanguage\":\"it-IT\",\"potentialAction\":[{\"@type\":\"ReadAction\",\"target\":[\"https:\\\/\\\/www.customyacht.com\\\/it\\\/\"]}]},{\"@type\":\"ImageObject\",\"inLanguage\":\"it-IT\",\"@id\":\"https:\\\/\\\/www.customyacht.com\\\/it\\\/#primaryimage\",\"url\":\"https:\\\/\\\/www.customyacht.com\\\/wp-content\\\/uploads\\\/2020\\\/10\\\/custom-yachts-company-favicon-logo.png\",\"contentUrl\":\"https:\\\/\\\/www.customyacht.com\\\/wp-content\\\/uploads\\\/2020\\\/10\\\/custom-yachts-company-favicon-logo.png\",\"width\":512,\"height\":512},{\"@type\":\"BreadcrumbList\",\"@id\":\"https:\\\/\\\/www.customyacht.com\\\/it\\\/#breadcrumb\",\"itemListElement\":[{\"@type\":\"ListItem\",\"position\":1,\"name\":\"Home\",\"item\":\"https:\\\/\\\/www.customyacht.com\\\/it\\\/\"},{\"@type\":\"ListItem\",\"position\":2,\"name\":\"Home\"}]},{\"@type\":\"WebSite\",\"@id\":\"https:\\\/\\\/www.customyacht.com\\\/it\\\/#website\",\"url\":\"https:\\\/\\\/www.customyacht.com\\\/it\\\/\",\"name\":\"Custom Yachts\",\"description\":\"Luxury Yachts Builders\",\"publisher\":{\"@id\":\"https:\\\/\\\/www.customyacht.com\\\/it\\\/#organization\"},\"potentialAction\":[{\"@type\":\"SearchAction\",\"target\":{\"@type\":\"EntryPoint\",\"urlTemplate\":\"https:\\\/\\\/www.customyacht.com\\\/it\\\/?s={search_term_string}\"},\"query-input\":{\"@type\":\"PropertyValueSpecification\",\"valueRequired\":true,\"valueName\":\"search_term_string\"}}],\"inLanguage\":\"it-IT\"},{\"@type\":\"Organization\",\"@id\":\"https:\\\/\\\/www.customyacht.com\\\/it\\\/#organization\",\"name\":\"Custom Yacht\",\"url\":\"https:\\\/\\\/www.customyacht.com\\\/it\\\/\",\"logo\":{\"@type\":\"ImageObject\",\"inLanguage\":\"it-IT\",\"@id\":\"https:\\\/\\\/www.customyacht.com\\\/it\\\/#\\\/schema\\\/logo\\\/image\\\/\",\"url\":\"https:\\\/\\\/www.customyacht.com\\\/wp-content\\\/uploads\\\/2020\\\/10\\\/Logo-Custom-Yacht-v18-metalizzato.png\",\"contentUrl\":\"https:\\\/\\\/www.customyacht.com\\\/wp-content\\\/uploads\\\/2020\\\/10\\\/Logo-Custom-Yacht-v18-metalizzato.png\",\"width\":300,\"height\":63,\"caption\":\"Custom Yacht\"},\"image\":{\"@id\":\"https:\\\/\\\/www.customyacht.com\\\/it\\\/#\\\/schema\\\/logo\\\/image\\\/\"},\"sameAs\":[\"https:\\\/\\\/www.facebook.com\\\/CustomYacht\"]}]}<\/script>\n<!-- \/ Yoast SEO plugin. -->","yoast_head_json":{"title":"Custom Yacht la vera boutique navale dei superyacht","description":"Custom Yacht is a real naval tailor able to design, engineer and build superyachts and boat from scratch, based exclusively on the owner's","robots":{"index":"index","follow":"follow","max-snippet":"max-snippet:-1","max-image-preview":"max-image-preview:large","max-video-preview":"max-video-preview:-1"},"canonical":"https:\/\/www.customyacht.com\/it\/","og_locale":"it_IT","og_type":"article","og_title":"Custom Yacht la vera boutique navale dei superyacht","og_description":"Custom Yacht is a real naval tailor able to design, engineer and build superyachts and boat from scratch, based exclusively on the owner's","og_url":"https:\/\/www.customyacht.com\/it\/","og_site_name":"Custom Yachts","article_publisher":"https:\/\/www.facebook.com\/CustomYacht","article_modified_time":"2024-06-16T22:20:13+00:00","og_image":[{"width":512,"height":512,"url":"https:\/\/www.customyacht.com\/wp-content\/uploads\/2020\/10\/custom-yachts-company-favicon-logo.png","type":"image\/png"}],"twitter_card":"summary_large_image","twitter_misc":{"Tempo di lettura stimato":"3 minuti"},"schema":{"@context":"https:\/\/schema.org","@graph":[{"@type":"WebPage","@id":"https:\/\/www.customyacht.com\/it\/","url":"https:\/\/www.customyacht.com\/it\/","name":"Custom Yacht la vera boutique navale dei superyacht","isPartOf":{"@id":"https:\/\/www.customyacht.com\/it\/#website"},"primaryImageOfPage":{"@id":"https:\/\/www.customyacht.com\/it\/#primaryimage"},"image":{"@id":"https:\/\/www.customyacht.com\/it\/#primaryimage"},"thumbnailUrl":"https:\/\/www.customyacht.com\/wp-content\/uploads\/2020\/10\/custom-yachts-company-favicon-logo.png","datePublished":"2020-09-10T04:34:36+00:00","dateModified":"2024-06-16T22:20:13+00:00","description":"Custom Yacht is a real naval tailor able to design, engineer and build superyachts and boat from scratch, based exclusively on the owner's","breadcrumb":{"@id":"https:\/\/www.customyacht.com\/it\/#breadcrumb"},"inLanguage":"it-IT","potentialAction":[{"@type":"ReadAction","target":["https:\/\/www.customyacht.com\/it\/"]}]},{"@type":"ImageObject","inLanguage":"it-IT","@id":"https:\/\/www.customyacht.com\/it\/#primaryimage","url":"https:\/\/www.customyacht.com\/wp-content\/uploads\/2020\/10\/custom-yachts-company-favicon-logo.png","contentUrl":"https:\/\/www.customyacht.com\/wp-content\/uploads\/2020\/10\/custom-yachts-company-favicon-logo.png","width":512,"height":512},{"@type":"BreadcrumbList","@id":"https:\/\/www.customyacht.com\/it\/#breadcrumb","itemListElement":[{"@type":"ListItem","position":1,"name":"Home","item":"https:\/\/www.customyacht.com\/it\/"},{"@type":"ListItem","position":2,"name":"Home"}]},{"@type":"WebSite","@id":"https:\/\/www.customyacht.com\/it\/#website","url":"https:\/\/www.customyacht.com\/it\/","name":"Custom Yachts","description":"Luxury Yachts Builders","publisher":{"@id":"https:\/\/www.customyacht.com\/it\/#organization"},"potentialAction":[{"@type":"SearchAction","target":{"@type":"EntryPoint","urlTemplate":"https:\/\/www.customyacht.com\/it\/?s={search_term_string}"},"query-input":{"@type":"PropertyValueSpecification","valueRequired":true,"valueName":"search_term_string"}}],"inLanguage":"it-IT"},{"@type":"Organization","@id":"https:\/\/www.customyacht.com\/it\/#organization","name":"Custom Yacht","url":"https:\/\/www.customyacht.com\/it\/","logo":{"@type":"ImageObject","inLanguage":"it-IT","@id":"https:\/\/www.customyacht.com\/it\/#\/schema\/logo\/image\/","url":"https:\/\/www.customyacht.com\/wp-content\/uploads\/2020\/10\/Logo-Custom-Yacht-v18-metalizzato.png","contentUrl":"https:\/\/www.customyacht.com\/wp-content\/uploads\/2020\/10\/Logo-Custom-Yacht-v18-metalizzato.png","width":300,"height":63,"caption":"Custom Yacht"},"image":{"@id":"https:\/\/www.customyacht.com\/it\/#\/schema\/logo\/image\/"},"sameAs":["https:\/\/www.facebook.com\/CustomYacht"]}]}},"_links":{"self":[{"href":"https:\/\/www.customyacht.com\/it\/wp-json\/wp\/v2\/pages\/14","targetHints":{"allow":["GET"]}}],"collection":[{"href":"https:\/\/www.customyacht.com\/it\/wp-json\/wp\/v2\/pages"}],"about":[{"href":"https:\/\/www.customyacht.com\/it\/wp-json\/wp\/v2\/types\/page"}],"author":[{"embeddable":true,"href":"https:\/\/www.customyacht.com\/it\/wp-json\/wp\/v2\/users\/1"}],"replies":[{"embeddable":true,"href":"https:\/\/www.customyacht.com\/it\/wp-json\/wp\/v2\/comments?post=14"}],"version-history":[{"count":35,"href":"https:\/\/www.customyacht.com\/it\/wp-json\/wp\/v2\/pages\/14\/revisions"}],"predecessor-version":[{"id":1023,"href":"https:\/\/www.customyacht.com\/it\/wp-json\/wp\/v2\/pages\/14\/revisions\/1023"}],"wp:featuredmedia":[{"embeddable":true,"href":"https:\/\/www.customyacht.com\/it\/wp-json\/wp\/v2\/media\/330"}],"wp:attachment":[{"href":"https:\/\/www.customyacht.com\/it\/wp-json\/wp\/v2\/media?parent=14"}],"curies":[{"name":"wp","href":"https:\/\/api.w.org\/{rel}","templated":true}]}}