{"id":81,"date":"2020-10-12T12:16:09","date_gmt":"2020-10-12T12:16:09","guid":{"rendered":"https:\/\/www.customyacht.com\/?page_id=81"},"modified":"2021-01-03T11:53:24","modified_gmt":"2021-01-03T11:53:24","slug":"mauro-corvisieri","status":"publish","type":"page","link":"https:\/\/www.customyacht.com\/it\/mauro-corvisieri\/","title":{"rendered":"Mauro Corvisieri"},"content":{"rendered":"\n<h1>\n\t\tMauro Corvisieri\n\t<\/h1>\n\t<p>La profonda conoscenza di <strong>Mauro Corvisieri<\/strong> in materia di superyacht 100% custom scaturisce dalla sua grande esperienza nel settore nautico cominciata in tenera et\u00e0, quando il padre, costruttore di porti, lo accompagnava sui rimorchiatori, e proseguita in giovent\u00f9, quando s&#8217;imbarc\u00f2 per un mese a bordo di un charter e, attraverso il suo spiccato spirito di osservazione, si rese conto dell&#8217;importanza dei volumi e degli spazi vivibili all&#8217;interno di un&#8217;imbarcazione.<\/p>\n<p>Per Mauro Corvisieri una barca va vissuta a 360 gradi, dando particolare attenzione al volume, alla libert\u00e0 di movimento dell&#8217;armatore, alla possibilit\u00e0 di portare con s\u00e9 tutto ci\u00f2 che si vuole e all&#8217;equipaggio.<\/p>\n<p>Dopo aver gestito&nbsp;una societ\u00e0 di noleggio d&#8217;imbarcazioni, Mauro Corvisieri sent\u00ec la necessit\u00e0 di realizzare una navetta dislocante affidabile e spaziosa. Nel lontano 2004, con l&#8217;ausilio di affermati professionisti, ne disegn\u00f2 una, la realizz\u00f2 e la vendette immediatamente. Quel giorno inizi\u00f2 la prestigiosa carriera di Mauro Corvisieri che negli anni, si specializza nella costruzione di superyacht, costruiti rigorosamente su misura, in base alle richieste dei loro armatori.<\/p>\n<p>Ci\u00f2 che infatti rende <strong>Custom Yacht<\/strong> unica nel suo mercato, \u00e8 la possibilit\u00e0 data all&#8217;armatore di realizzare la sua barca da zero, in un ambiente libero da influenze, seguendo ogni singolo desiderio dell&#8217;armatore. Grazie all&#8217;estro &#8220;sartoriale&#8221; dei designer di Custom Yacht, pronti a forgiare la barca su misura del cliente. Una barca perfettamente &#8220;indossabile&#8221;.<\/p>\n","protected":false},"excerpt":{"rendered":"<p>Mauro Corvisieri La profonda conoscenza di Mauro Corvisieri in materia di superyacht 100% custom scaturisce dalla sua grande esperienza nel settore nautico cominciata in tenera et\u00e0, quando il padre, costruttore di porti, lo accompagnava sui rimorchiatori, e proseguita in giovent\u00f9, quando s&#8217;imbarc\u00f2 per un mese a bordo di un charter e, attraverso il suo spiccato&hellip;<\/p>\n","protected":false},"author":1,"featured_media":184,"parent":0,"menu_order":0,"comment_status":"closed","ping_status":"closed","template":"","meta":{"footnotes":""},"class_list":["post-81","page","type-page","status-publish","has-post-thumbnail","hentry"],"yoast_head":"<!-- This site is optimized with the Yoast SEO plugin v27.5 - https:\/\/yoast.com\/product\/yoast-seo-wordpress\/ -->\n<title>Mauro Corvisieri | Custom Yachts capo dell&#039;azienda<\/title>\n<meta name=\"description\" content=\"mauro corvisieri design capo dell&#039;azienda, uno dei pi\u00f9 innovativi disegnatori di yachts, creativo, ha realizzato molti progetti innovativi\" \/>\n<meta name=\"robots\" content=\"index, follow, max-snippet:-1, max-image-preview:large, max-video-preview:-1\" \/>\n<link rel=\"canonical\" href=\"https:\/\/www.customyacht.com\/it\/mauro-corvisieri\/\" \/>\n<meta property=\"og:locale\" content=\"it_IT\" \/>\n<meta property=\"og:type\" content=\"article\" \/>\n<meta property=\"og:title\" content=\"Mauro Corvisieri | Custom Yachts capo dell&#039;azienda\" \/>\n<meta property=\"og:description\" content=\"mauro corvisieri design capo dell&#039;azienda, uno dei pi\u00f9 innovativi disegnatori di yachts, creativo, ha realizzato molti progetti innovativi\" \/>\n<meta property=\"og:url\" content=\"https:\/\/www.customyacht.com\/it\/mauro-corvisieri\/\" \/>\n<meta property=\"og:site_name\" content=\"Custom Yachts\" \/>\n<meta property=\"article:publisher\" content=\"https:\/\/www.facebook.com\/CustomYacht\" \/>\n<meta property=\"article:modified_time\" content=\"2021-01-03T11:53:24+00:00\" \/>\n<meta property=\"og:image\" content=\"https:\/\/www.customyacht.com\/wp-content\/uploads\/2020\/10\/custom-yachts-mauro-corvisieri_2.jpg\" \/>\n\t<meta property=\"og:image:width\" content=\"800\" \/>\n\t<meta property=\"og:image:height\" content=\"533\" \/>\n\t<meta property=\"og:image:type\" content=\"image\/jpeg\" \/>\n<meta name=\"twitter:card\" content=\"summary_large_image\" \/>\n<meta name=\"twitter:label1\" content=\"Tempo di lettura stimato\" \/>\n\t<meta name=\"twitter:data1\" content=\"1 minuto\" \/>\n<script type=\"application\/ld+json\" class=\"yoast-schema-graph\">{\"@context\":\"https:\\\/\\\/schema.org\",\"@graph\":[{\"@type\":\"WebPage\",\"@id\":\"https:\\\/\\\/www.customyacht.com\\\/it\\\/mauro-corvisieri\\\/\",\"url\":\"https:\\\/\\\/www.customyacht.com\\\/it\\\/mauro-corvisieri\\\/\",\"name\":\"Mauro Corvisieri | Custom Yachts capo dell'azienda\",\"isPartOf\":{\"@id\":\"https:\\\/\\\/www.customyacht.com\\\/it\\\/#website\"},\"primaryImageOfPage\":{\"@id\":\"https:\\\/\\\/www.customyacht.com\\\/it\\\/mauro-corvisieri\\\/#primaryimage\"},\"image\":{\"@id\":\"https:\\\/\\\/www.customyacht.com\\\/it\\\/mauro-corvisieri\\\/#primaryimage\"},\"thumbnailUrl\":\"https:\\\/\\\/www.customyacht.com\\\/wp-content\\\/uploads\\\/2020\\\/10\\\/custom-yachts-mauro-corvisieri_2.jpg\",\"datePublished\":\"2020-10-12T12:16:09+00:00\",\"dateModified\":\"2021-01-03T11:53:24+00:00\",\"description\":\"mauro corvisieri design capo dell'azienda, uno dei pi\u00f9 innovativi disegnatori di yachts, creativo, ha realizzato molti progetti innovativi\",\"breadcrumb\":{\"@id\":\"https:\\\/\\\/www.customyacht.com\\\/it\\\/mauro-corvisieri\\\/#breadcrumb\"},\"inLanguage\":\"it-IT\",\"potentialAction\":[{\"@type\":\"ReadAction\",\"target\":[\"https:\\\/\\\/www.customyacht.com\\\/it\\\/mauro-corvisieri\\\/\"]}]},{\"@type\":\"ImageObject\",\"inLanguage\":\"it-IT\",\"@id\":\"https:\\\/\\\/www.customyacht.com\\\/it\\\/mauro-corvisieri\\\/#primaryimage\",\"url\":\"https:\\\/\\\/www.customyacht.com\\\/wp-content\\\/uploads\\\/2020\\\/10\\\/custom-yachts-mauro-corvisieri_2.jpg\",\"contentUrl\":\"https:\\\/\\\/www.customyacht.com\\\/wp-content\\\/uploads\\\/2020\\\/10\\\/custom-yachts-mauro-corvisieri_2.jpg\",\"width\":800,\"height\":533,\"caption\":\"mauro corvisieri custom yachts\"},{\"@type\":\"BreadcrumbList\",\"@id\":\"https:\\\/\\\/www.customyacht.com\\\/it\\\/mauro-corvisieri\\\/#breadcrumb\",\"itemListElement\":[{\"@type\":\"ListItem\",\"position\":1,\"name\":\"Home\",\"item\":\"https:\\\/\\\/www.customyacht.com\\\/it\\\/\"},{\"@type\":\"ListItem\",\"position\":2,\"name\":\"Mauro Corvisieri\"}]},{\"@type\":\"WebSite\",\"@id\":\"https:\\\/\\\/www.customyacht.com\\\/it\\\/#website\",\"url\":\"https:\\\/\\\/www.customyacht.com\\\/it\\\/\",\"name\":\"Custom Yachts\",\"description\":\"Luxury Yachts Builders\",\"publisher\":{\"@id\":\"https:\\\/\\\/www.customyacht.com\\\/it\\\/#organization\"},\"potentialAction\":[{\"@type\":\"SearchAction\",\"target\":{\"@type\":\"EntryPoint\",\"urlTemplate\":\"https:\\\/\\\/www.customyacht.com\\\/it\\\/?s={search_term_string}\"},\"query-input\":{\"@type\":\"PropertyValueSpecification\",\"valueRequired\":true,\"valueName\":\"search_term_string\"}}],\"inLanguage\":\"it-IT\"},{\"@type\":\"Organization\",\"@id\":\"https:\\\/\\\/www.customyacht.com\\\/it\\\/#organization\",\"name\":\"Custom Yacht\",\"url\":\"https:\\\/\\\/www.customyacht.com\\\/it\\\/\",\"logo\":{\"@type\":\"ImageObject\",\"inLanguage\":\"it-IT\",\"@id\":\"https:\\\/\\\/www.customyacht.com\\\/it\\\/#\\\/schema\\\/logo\\\/image\\\/\",\"url\":\"https:\\\/\\\/www.customyacht.com\\\/wp-content\\\/uploads\\\/2020\\\/10\\\/Logo-Custom-Yacht-v18-metalizzato.png\",\"contentUrl\":\"https:\\\/\\\/www.customyacht.com\\\/wp-content\\\/uploads\\\/2020\\\/10\\\/Logo-Custom-Yacht-v18-metalizzato.png\",\"width\":300,\"height\":63,\"caption\":\"Custom Yacht\"},\"image\":{\"@id\":\"https:\\\/\\\/www.customyacht.com\\\/it\\\/#\\\/schema\\\/logo\\\/image\\\/\"},\"sameAs\":[\"https:\\\/\\\/www.facebook.com\\\/CustomYacht\"]}]}<\/script>\n<!-- \/ Yoast SEO plugin. -->","yoast_head_json":{"title":"Mauro Corvisieri | Custom Yachts capo dell'azienda","description":"mauro corvisieri design capo dell'azienda, uno dei pi\u00f9 innovativi disegnatori di yachts, creativo, ha realizzato molti progetti innovativi","robots":{"index":"index","follow":"follow","max-snippet":"max-snippet:-1","max-image-preview":"max-image-preview:large","max-video-preview":"max-video-preview:-1"},"canonical":"https:\/\/www.customyacht.com\/it\/mauro-corvisieri\/","og_locale":"it_IT","og_type":"article","og_title":"Mauro Corvisieri | Custom Yachts capo dell'azienda","og_description":"mauro corvisieri design capo dell'azienda, uno dei pi\u00f9 innovativi disegnatori di yachts, creativo, ha realizzato molti progetti innovativi","og_url":"https:\/\/www.customyacht.com\/it\/mauro-corvisieri\/","og_site_name":"Custom Yachts","article_publisher":"https:\/\/www.facebook.com\/CustomYacht","article_modified_time":"2021-01-03T11:53:24+00:00","og_image":[{"width":800,"height":533,"url":"https:\/\/www.customyacht.com\/wp-content\/uploads\/2020\/10\/custom-yachts-mauro-corvisieri_2.jpg","type":"image\/jpeg"}],"twitter_card":"summary_large_image","twitter_misc":{"Tempo di lettura stimato":"1 minuto"},"schema":{"@context":"https:\/\/schema.org","@graph":[{"@type":"WebPage","@id":"https:\/\/www.customyacht.com\/it\/mauro-corvisieri\/","url":"https:\/\/www.customyacht.com\/it\/mauro-corvisieri\/","name":"Mauro Corvisieri | Custom Yachts capo dell'azienda","isPartOf":{"@id":"https:\/\/www.customyacht.com\/it\/#website"},"primaryImageOfPage":{"@id":"https:\/\/www.customyacht.com\/it\/mauro-corvisieri\/#primaryimage"},"image":{"@id":"https:\/\/www.customyacht.com\/it\/mauro-corvisieri\/#primaryimage"},"thumbnailUrl":"https:\/\/www.customyacht.com\/wp-content\/uploads\/2020\/10\/custom-yachts-mauro-corvisieri_2.jpg","datePublished":"2020-10-12T12:16:09+00:00","dateModified":"2021-01-03T11:53:24+00:00","description":"mauro corvisieri design capo dell'azienda, uno dei pi\u00f9 innovativi disegnatori di yachts, creativo, ha realizzato molti progetti innovativi","breadcrumb":{"@id":"https:\/\/www.customyacht.com\/it\/mauro-corvisieri\/#breadcrumb"},"inLanguage":"it-IT","potentialAction":[{"@type":"ReadAction","target":["https:\/\/www.customyacht.com\/it\/mauro-corvisieri\/"]}]},{"@type":"ImageObject","inLanguage":"it-IT","@id":"https:\/\/www.customyacht.com\/it\/mauro-corvisieri\/#primaryimage","url":"https:\/\/www.customyacht.com\/wp-content\/uploads\/2020\/10\/custom-yachts-mauro-corvisieri_2.jpg","contentUrl":"https:\/\/www.customyacht.com\/wp-content\/uploads\/2020\/10\/custom-yachts-mauro-corvisieri_2.jpg","width":800,"height":533,"caption":"mauro corvisieri custom yachts"},{"@type":"BreadcrumbList","@id":"https:\/\/www.customyacht.com\/it\/mauro-corvisieri\/#breadcrumb","itemListElement":[{"@type":"ListItem","position":1,"name":"Home","item":"https:\/\/www.customyacht.com\/it\/"},{"@type":"ListItem","position":2,"name":"Mauro Corvisieri"}]},{"@type":"WebSite","@id":"https:\/\/www.customyacht.com\/it\/#website","url":"https:\/\/www.customyacht.com\/it\/","name":"Custom Yachts","description":"Luxury Yachts Builders","publisher":{"@id":"https:\/\/www.customyacht.com\/it\/#organization"},"potentialAction":[{"@type":"SearchAction","target":{"@type":"EntryPoint","urlTemplate":"https:\/\/www.customyacht.com\/it\/?s={search_term_string}"},"query-input":{"@type":"PropertyValueSpecification","valueRequired":true,"valueName":"search_term_string"}}],"inLanguage":"it-IT"},{"@type":"Organization","@id":"https:\/\/www.customyacht.com\/it\/#organization","name":"Custom Yacht","url":"https:\/\/www.customyacht.com\/it\/","logo":{"@type":"ImageObject","inLanguage":"it-IT","@id":"https:\/\/www.customyacht.com\/it\/#\/schema\/logo\/image\/","url":"https:\/\/www.customyacht.com\/wp-content\/uploads\/2020\/10\/Logo-Custom-Yacht-v18-metalizzato.png","contentUrl":"https:\/\/www.customyacht.com\/wp-content\/uploads\/2020\/10\/Logo-Custom-Yacht-v18-metalizzato.png","width":300,"height":63,"caption":"Custom Yacht"},"image":{"@id":"https:\/\/www.customyacht.com\/it\/#\/schema\/logo\/image\/"},"sameAs":["https:\/\/www.facebook.com\/CustomYacht"]}]}},"_links":{"self":[{"href":"https:\/\/www.customyacht.com\/it\/wp-json\/wp\/v2\/pages\/81","targetHints":{"allow":["GET"]}}],"collection":[{"href":"https:\/\/www.customyacht.com\/it\/wp-json\/wp\/v2\/pages"}],"about":[{"href":"https:\/\/www.customyacht.com\/it\/wp-json\/wp\/v2\/types\/page"}],"author":[{"embeddable":true,"href":"https:\/\/www.customyacht.com\/it\/wp-json\/wp\/v2\/users\/1"}],"replies":[{"embeddable":true,"href":"https:\/\/www.customyacht.com\/it\/wp-json\/wp\/v2\/comments?post=81"}],"version-history":[{"count":7,"href":"https:\/\/www.customyacht.com\/it\/wp-json\/wp\/v2\/pages\/81\/revisions"}],"predecessor-version":[{"id":920,"href":"https:\/\/www.customyacht.com\/it\/wp-json\/wp\/v2\/pages\/81\/revisions\/920"}],"wp:featuredmedia":[{"embeddable":true,"href":"https:\/\/www.customyacht.com\/it\/wp-json\/wp\/v2\/media\/184"}],"wp:attachment":[{"href":"https:\/\/www.customyacht.com\/it\/wp-json\/wp\/v2\/media?parent=81"}],"curies":[{"name":"wp","href":"https:\/\/api.w.org\/{rel}","templated":true}]}}